{"id":2140,"date":"2023-09-18T09:57:48","date_gmt":"2023-09-18T09:57:48","guid":{"rendered":"http:\/\/saulteka.lt\/?page_id=2140"},"modified":"2023-09-18T10:10:55","modified_gmt":"2023-09-18T10:10:55","slug":"gaukite-pasiulyma","status":"publish","type":"page","link":"https:\/\/saulteka.lt\/index.php\/gaukite-pasiulyma\/","title":{"rendered":"Gaukite pasi\u016blym\u0105:"},"content":{"rendered":"\t\t<div data-elementor-type=\"wp-page\" data-elementor-id=\"2140\" class=\"elementor elementor-2140\">\n\t\t\t\t\t\t\t\t\t<section class=\"elementor-section elementor-top-section elementor-element elementor-element-97a5586 elementor-section-boxed elementor-section-height-default elementor-section-height-default\" data-id=\"97a5586\" data-element_type=\"section\" data-settings=\"{&quot;background_background&quot;:&quot;classic&quot;}\">\n\t\t\t\t\t\t<div class=\"elementor-container elementor-column-gap-default\">\n\t\t\t\t\t<div class=\"elementor-column elementor-col-50 elementor-top-column elementor-element elementor-element-3b6dd23\" data-id=\"3b6dd23\" data-element_type=\"column\">\n\t\t\t<div class=\"elementor-widget-wrap elementor-element-populated\">\n\t\t\t\t\t\t\t\t<div class=\"elementor-element elementor-element-8212521 elementor-widget elementor-widget-text-editor\" data-id=\"8212521\" data-element_type=\"widget\" data-widget_type=\"text-editor.default\">\n\t\t\t\t<div class=\"elementor-widget-container\">\n\t\t\t<style>\/*! elementor - v3.10.2 - 29-01-2023 *\/\n.elementor-widget-text-editor.elementor-drop-cap-view-stacked .elementor-drop-cap{background-color:#818a91;color:#fff}.elementor-widget-text-editor.elementor-drop-cap-view-framed .elementor-drop-cap{color:#818a91;border:3px solid;background-color:transparent}.elementor-widget-text-editor:not(.elementor-drop-cap-view-default) .elementor-drop-cap{margin-top:8px}.elementor-widget-text-editor:not(.elementor-drop-cap-view-default) .elementor-drop-cap-letter{width:1em;height:1em}.elementor-widget-text-editor .elementor-drop-cap{float:left;text-align:center;line-height:1;font-size:50px}.elementor-widget-text-editor .elementor-drop-cap-letter{display:inline-block}<\/style>\t\t\t\t<h4 style=\"font-style: normal; background-color: #ffffff;\">Gaukite Nemokam\u0105 Vizit\u0105 Ir Saul\u0117s Elektrin\u0117s Vizualizacij\u0105.\u00a0<\/h4><p style=\"font-size: 16px; font-style: normal; font-weight: 400; background-color: #ffffff;\">U\u017epildykite anketos form\u0105, pagal kuri\u0105 \u012fvertinsime j\u016bs\u0173 galimyb\u0119 \u012fsirengti saul\u0117s elektrin\u0119, sukursime nemokam\u0105 j\u016bs\u0173 saul\u0117s elektrin\u0117s vizualizacij\u0105 ir pateiksime preliminar\u0173 pasi\u016blym\u0105.<\/p>\t\t\t\t\t\t<\/div>\n\t\t\t\t<\/div>\n\t\t\t\t<div class=\"elementor-element elementor-element-9e85233 elementor-arrows-position-inside elementor-pagination-position-outside elementor-widget elementor-widget-image-carousel\" data-id=\"9e85233\" data-element_type=\"widget\" data-settings=\"{&quot;navigation&quot;:&quot;both&quot;,&quot;autoplay&quot;:&quot;yes&quot;,&quot;pause_on_hover&quot;:&quot;yes&quot;,&quot;pause_on_interaction&quot;:&quot;yes&quot;,&quot;autoplay_speed&quot;:5000,&quot;infinite&quot;:&quot;yes&quot;,&quot;speed&quot;:500}\" data-widget_type=\"image-carousel.default\">\n\t\t\t\t<div class=\"elementor-widget-container\">\n\t\t\t<style>\/*! elementor - v3.10.2 - 29-01-2023 *\/\n.elementor-widget-image-carousel .swiper-container{position:static}.elementor-widget-image-carousel .swiper-container .swiper-slide figure{line-height:inherit}.elementor-widget-image-carousel .swiper-slide{text-align:center}.elementor-image-carousel-wrapper:not(.swiper-container-initialized) .swiper-slide{max-width:calc(100% \/ var(--e-image-carousel-slides-to-show, 3))}<\/style>\t\t<div class=\"elementor-image-carousel-wrapper swiper-container\" dir=\"ltr\">\n\t\t\t<div class=\"elementor-image-carousel swiper-wrapper\">\n\t\t\t\t\t\t\t\t<div class=\"swiper-slide\"><figure class=\"swiper-slide-inner\"><img fetchpriority=\"high\" decoding=\"async\" class=\"swiper-slide-image\" src=\"https:\/\/saulteka.lt\/wp-content\/uploads\/2023\/09\/Vizualizacija-Simas-Urniezius-1-150x150.png\" alt=\"Vizualizacija Simas Urnie\u017eius (1)\" \/><\/figure><\/div><div class=\"swiper-slide\"><figure class=\"swiper-slide-inner\"><img decoding=\"async\" class=\"swiper-slide-image\" src=\"https:\/\/saulteka.lt\/wp-content\/uploads\/2023\/09\/Vizualizacija-Rolandas-150x150.png\" alt=\"Vizualizacija Rolandas\" \/><\/figure><\/div><div class=\"swiper-slide\"><figure class=\"swiper-slide-inner\"><img decoding=\"async\" class=\"swiper-slide-image\" src=\"https:\/\/saulteka.lt\/wp-content\/uploads\/2023\/09\/Vizualizacija-14-kW-150x150.webp\" alt=\"Vizualizacija 14 kW\" \/><\/figure><\/div><div class=\"swiper-slide\"><figure class=\"swiper-slide-inner\"><img decoding=\"async\" class=\"swiper-slide-image\" src=\"https:\/\/saulteka.lt\/wp-content\/uploads\/2023\/09\/Vizualizacija-Eugenijus-Urniezius-150x150.png\" alt=\"Vizualizacija Eugenijus Urnie\u017eius\" \/><\/figure><\/div>\t\t\t<\/div>\n\t\t\t\t\t\t\t\t\t\t\t\t<div class=\"swiper-pagination\"><\/div>\n\t\t\t\t\t\t\t\t\t\t\t\t\t<div class=\"elementor-swiper-button elementor-swiper-button-prev\">\n\t\t\t\t\t\t<i aria-hidden=\"true\" class=\"eicon-chevron-left\"><\/i>\t\t\t\t\t\t<span class=\"elementor-screen-only\">Previous<\/span>\n\t\t\t\t\t<\/div>\n\t\t\t\t\t<div class=\"elementor-swiper-button elementor-swiper-button-next\">\n\t\t\t\t\t\t<i aria-hidden=\"true\" class=\"eicon-chevron-right\"><\/i>\t\t\t\t\t\t<span class=\"elementor-screen-only\">Next<\/span>\n\t\t\t\t\t<\/div>\n\t\t\t\t\t\t\t\t\t<\/div>\n\t\t\t\t<\/div>\n\t\t\t\t<\/div>\n\t\t\t\t<div class=\"elementor-element elementor-element-a826803 elementor-widget elementor-widget-text-editor\" data-id=\"a826803\" data-element_type=\"widget\" data-widget_type=\"text-editor.default\">\n\t\t\t\t<div class=\"elementor-widget-container\">\n\t\t\t\t\t\t\t<p>Susisiekite:&nbsp;<\/p><p>El. pa\u0161tu: Ignas@saulteka.lt<\/p><p>Telefonu: +37062580153<\/p>\t\t\t\t\t\t<\/div>\n\t\t\t\t<\/div>\n\t\t\t\t\t<\/div>\n\t\t<\/div>\n\t\t\t\t<div class=\"elementor-column elementor-col-50 elementor-top-column elementor-element elementor-element-06e5145\" data-id=\"06e5145\" data-element_type=\"column\">\n\t\t\t<div class=\"elementor-widget-wrap elementor-element-populated\">\n\t\t\t\t\t\t\t\t<div class=\"elementor-element elementor-element-8446819 elementor-widget elementor-widget-text-editor\" data-id=\"8446819\" data-element_type=\"widget\" data-widget_type=\"text-editor.default\">\n\t\t\t\t<div class=\"elementor-widget-container\">\n\t\t\t\t\t\t\t\n<div class=\"wpcf7 no-js\" id=\"wpcf7-f2051-o1\" lang=\"en-US\" dir=\"ltr\">\n<div class=\"screen-reader-response\"><p role=\"status\" aria-live=\"polite\" aria-atomic=\"true\"><\/p> <ul><\/ul><\/div>\n<form action=\"\/index.php\/wp-json\/wp\/v2\/pages\/2140#wpcf7-f2051-o1\" method=\"post\" class=\"wpcf7-form init\" aria-label=\"Contact form\" novalidate=\"novalidate\" data-status=\"init\">\n<div style=\"display: none;\">\n<input type=\"hidden\" name=\"_wpcf7\" value=\"2051\" \/>\n<input type=\"hidden\" name=\"_wpcf7_version\" value=\"5.7.6\" \/>\n<input type=\"hidden\" name=\"_wpcf7_locale\" value=\"en_US\" \/>\n<input type=\"hidden\" name=\"_wpcf7_unit_tag\" value=\"wpcf7-f2051-o1\" \/>\n<input type=\"hidden\" name=\"_wpcf7_container_post\" value=\"0\" \/>\n<input type=\"hidden\" name=\"_wpcf7_posted_data_hash\" value=\"\" \/>\n<\/div>\n<p><label> Vardas Pavard\u0117:<br \/>\n<span class=\"wpcf7-form-control-wrap\" data-name=\"your-name\"><input size=\"40\" class=\"wpcf7-form-control wpcf7-text wpcf7-validates-as-required\" autocomplete=\"name\" aria-required=\"true\" aria-invalid=\"false\" value=\"\" type=\"text\" name=\"your-name\" \/><\/span> <\/label>\n<\/p>\n<p><label> El. pa\u0161tas:<br \/>\n<span class=\"wpcf7-form-control-wrap\" data-name=\"your-email\"><input size=\"40\" class=\"wpcf7-form-control wpcf7-text wpcf7-email wpcf7-validates-as-required wpcf7-validates-as-email\" autocomplete=\"email\" aria-required=\"true\" aria-invalid=\"false\" value=\"\" type=\"email\" name=\"your-email\" \/><\/span> <\/label>\n<\/p>\n<p><label> Telefono numeris:<br \/>\n<span class=\"wpcf7-form-control-wrap\" data-name=\"your-subject\"><input size=\"40\" class=\"wpcf7-form-control wpcf7-text wpcf7-validates-as-required\" aria-required=\"true\" aria-invalid=\"false\" value=\"\" type=\"text\" name=\"your-subject\" \/><\/span> <\/label>\n<\/p>\n<p><label> Objekto adresas:<br \/>\n<span class=\"wpcf7-form-control-wrap\" data-name=\"your-subject\"><input size=\"40\" class=\"wpcf7-form-control wpcf7-text wpcf7-validates-as-required\" aria-required=\"true\" aria-invalid=\"false\" value=\"\" type=\"text\" name=\"your-subject\" \/><\/span> <\/label>\n<\/p>\n<p>Galia<br \/>\n<span class=\"wpcf7-form-control-wrap\" data-name=\"Galia\"><select class=\"wpcf7-form-control wpcf7-select\" aria-invalid=\"false\" name=\"Galia\"><option value=\"5kW\">5kW<\/option><option value=\"6kW\">6kW<\/option><option value=\"7kW\">7kW<\/option><option value=\"8kW\">8kW<\/option><option value=\"10kW\">10kW<\/option><option value=\"11-12kW\">11-12kW<\/option><option value=\"13-14kW\">13-14kW<\/option><option value=\"15kW\">15kW<\/option><option value=\"&gt;15kW\">&gt;15kW<\/option><\/select><\/span>\n<\/p>\n<p><span class=\"wpcf7-form-control-wrap\" data-name=\"Finansavimas\"><span class=\"wpcf7-form-control wpcf7-checkbox wpcf7-validates-as-required\"><span class=\"wpcf7-list-item first\"><label><input type=\"checkbox\" name=\"Finansavimas[]\" value=\"Esu gav\u0117s APVA parama\" \/><span class=\"wpcf7-list-item-label\">Esu gav\u0117s APVA parama<\/span><\/label><\/span><span class=\"wpcf7-list-item\"><label><input type=\"checkbox\" name=\"Finansavimas[]\" value=\"Planuoju gauti APVA parama\" \/><span class=\"wpcf7-list-item-label\">Planuoju gauti APVA parama<\/span><\/label><\/span><span class=\"wpcf7-list-item last\"><label><input type=\"checkbox\" name=\"Finansavimas[]\" value=\"\u012esirengsiu be paramos\" \/><span class=\"wpcf7-list-item-label\">\u012esirengsiu be paramos<\/span><\/label><\/span><\/span><\/span>\n<\/p>\n<p><input class=\"wpcf7-form-control has-spinner wpcf7-submit\" type=\"submit\" value=\"Pateikti\" \/>\n<\/p><div class=\"wpcf7-response-output\" aria-hidden=\"true\"><\/div>\n<\/form>\n<\/div>\n\t\t\t\t\t\t<\/div>\n\t\t\t\t<\/div>\n\t\t\t\t\t<\/div>\n\t\t<\/div>\n\t\t\t\t\t\t\t<\/div>\n\t\t<\/section>\n\t\t\t\t\t\t\t<\/div>\n\t\t","protected":false},"excerpt":{"rendered":"<p>Gaukite Nemokam\u0105 Vizit\u0105 Ir Saul\u0117s Elektrin\u0117s Vizualizacij\u0105.\u00a0 U\u017epildykite anketos form\u0105, pagal kuri\u0105 \u012fvertinsime j\u016bs\u0173 galimyb\u0119 \u012fsirengti saul\u0117s elektrin\u0119, sukursime nemokam\u0105 j\u016bs\u0173 saul\u0117s elektrin\u0117s vizualizacij\u0105 ir pateiksime preliminar\u0173 pasi\u016blym\u0105. Previous Next Susisiekite:&nbsp; El. pa\u0161tu: Ignas@saulteka.lt Telefonu: +37062580153<\/p>\n","protected":false},"author":1,"featured_media":0,"parent":0,"menu_order":0,"comment_status":"closed","ping_status":"closed","template":"","meta":{"site-sidebar-layout":"no-sidebar","site-content-layout":"page-builder","ast-global-header-display":"","ast-main-header-display":"","ast-hfb-above-header-display":"","ast-hfb-below-header-display":"","ast-hfb-mobile-header-display":"","site-post-title":"disabled","ast-breadcrumbs-content":"","ast-featured-img":"disabled","footer-sml-layout":"","theme-transparent-header-meta":"","adv-header-id-meta":"","stick-header-meta":"","header-above-stick-meta":"","header-main-stick-meta":"","header-below-stick-meta":""},"yoast_head":"<!-- This site is optimized with the Yoast SEO plugin v20.8 - https:\/\/yoast.com\/wordpress\/plugins\/seo\/ -->\n<title>Gaukite pasi\u016blym\u0105: - SAULTEKA<\/title>\n<meta name=\"robots\" content=\"index, follow, max-snippet:-1, max-image-preview:large, max-video-preview:-1\" \/>\n<link rel=\"canonical\" href=\"http:\/\/saulteka.lt\/index.php\/gaukite-pasiulyma\/\" \/>\n<meta property=\"og:locale\" content=\"en_US\" \/>\n<meta property=\"og:type\" content=\"article\" \/>\n<meta property=\"og:title\" content=\"Gaukite pasi\u016blym\u0105: - SAULTEKA\" \/>\n<meta property=\"og:description\" content=\"Gaukite Nemokam\u0105 Vizit\u0105 Ir Saul\u0117s Elektrin\u0117s Vizualizacij\u0105.\u00a0 U\u017epildykite anketos form\u0105, pagal kuri\u0105 \u012fvertinsime j\u016bs\u0173 galimyb\u0119 \u012fsirengti saul\u0117s elektrin\u0119, sukursime nemokam\u0105 j\u016bs\u0173 saul\u0117s elektrin\u0117s vizualizacij\u0105 ir pateiksime preliminar\u0173 pasi\u016blym\u0105. Previous Next Susisiekite:&nbsp; El. pa\u0161tu: Ignas@saulteka.lt Telefonu: +37062580153\" \/>\n<meta property=\"og:url\" content=\"http:\/\/saulteka.lt\/index.php\/gaukite-pasiulyma\/\" \/>\n<meta property=\"og:site_name\" content=\"SAULTEKA\" \/>\n<meta property=\"article:publisher\" content=\"https:\/\/www.facebook.com\/profile.php?id=100091643994005\" \/>\n<meta property=\"article:modified_time\" content=\"2023-09-18T10:10:55+00:00\" \/>\n<meta property=\"og:image\" content=\"http:\/\/saulteka.lt\/wp-content\/uploads\/2023\/09\/Vizualizacija-Simas-Urniezius-1-150x150.png\" \/>\n<meta name=\"twitter:card\" content=\"summary_large_image\" \/>\n<meta name=\"twitter:label1\" content=\"Est. reading time\" \/>\n\t<meta name=\"twitter:data1\" content=\"3 minutes\" \/>\n<script type=\"application\/ld+json\" class=\"yoast-schema-graph\">{\"@context\":\"https:\/\/schema.org\",\"@graph\":[{\"@type\":\"WebPage\",\"@id\":\"http:\/\/saulteka.lt\/index.php\/gaukite-pasiulyma\/\",\"url\":\"http:\/\/saulteka.lt\/index.php\/gaukite-pasiulyma\/\",\"name\":\"Gaukite pasi\u016blym\u0105: - SAULTEKA\",\"isPartOf\":{\"@id\":\"http:\/\/saulteka.lt\/#website\"},\"datePublished\":\"2023-09-18T09:57:48+00:00\",\"dateModified\":\"2023-09-18T10:10:55+00:00\",\"breadcrumb\":{\"@id\":\"http:\/\/saulteka.lt\/index.php\/gaukite-pasiulyma\/#breadcrumb\"},\"inLanguage\":\"en-US\",\"potentialAction\":[{\"@type\":\"ReadAction\",\"target\":[\"http:\/\/saulteka.lt\/index.php\/gaukite-pasiulyma\/\"]}]},{\"@type\":\"BreadcrumbList\",\"@id\":\"http:\/\/saulteka.lt\/index.php\/gaukite-pasiulyma\/#breadcrumb\",\"itemListElement\":[{\"@type\":\"ListItem\",\"position\":1,\"name\":\"Home\",\"item\":\"http:\/\/saulteka.lt\/\"},{\"@type\":\"ListItem\",\"position\":2,\"name\":\"Gaukite pasi\u016blym\u0105:\"}]},{\"@type\":\"WebSite\",\"@id\":\"http:\/\/saulteka.lt\/#website\",\"url\":\"http:\/\/saulteka.lt\/\",\"name\":\"SAULTEKA\",\"description\":\"\",\"publisher\":{\"@id\":\"http:\/\/saulteka.lt\/#organization\"},\"potentialAction\":[{\"@type\":\"SearchAction\",\"target\":{\"@type\":\"EntryPoint\",\"urlTemplate\":\"http:\/\/saulteka.lt\/?s={search_term_string}\"},\"query-input\":\"required name=search_term_string\"}],\"inLanguage\":\"en-US\"},{\"@type\":\"Organization\",\"@id\":\"http:\/\/saulteka.lt\/#organization\",\"name\":\"SAULTEKA\",\"alternateName\":\"SAULTEKA\",\"url\":\"http:\/\/saulteka.lt\/\",\"logo\":{\"@type\":\"ImageObject\",\"inLanguage\":\"en-US\",\"@id\":\"http:\/\/saulteka.lt\/#\/schema\/logo\/image\/\",\"url\":\"https:\/\/saulteka.lt\/wp-content\/uploads\/2023\/05\/cropped-saulteka-logo-orange-white-2.png\",\"contentUrl\":\"https:\/\/saulteka.lt\/wp-content\/uploads\/2023\/05\/cropped-saulteka-logo-orange-white-2.png\",\"width\":1999,\"height\":513,\"caption\":\"SAULTEKA\"},\"image\":{\"@id\":\"http:\/\/saulteka.lt\/#\/schema\/logo\/image\/\"},\"sameAs\":[\"https:\/\/www.facebook.com\/profile.php?id=100091643994005\"]}]}<\/script>\n<!-- \/ Yoast SEO plugin. -->","yoast_head_json":{"title":"Gaukite pasi\u016blym\u0105: - SAULTEKA","robots":{"index":"index","follow":"follow","max-snippet":"max-snippet:-1","max-image-preview":"max-image-preview:large","max-video-preview":"max-video-preview:-1"},"canonical":"http:\/\/saulteka.lt\/index.php\/gaukite-pasiulyma\/","og_locale":"en_US","og_type":"article","og_title":"Gaukite pasi\u016blym\u0105: - SAULTEKA","og_description":"Gaukite Nemokam\u0105 Vizit\u0105 Ir Saul\u0117s Elektrin\u0117s Vizualizacij\u0105.\u00a0 U\u017epildykite anketos form\u0105, pagal kuri\u0105 \u012fvertinsime j\u016bs\u0173 galimyb\u0119 \u012fsirengti saul\u0117s elektrin\u0119, sukursime nemokam\u0105 j\u016bs\u0173 saul\u0117s elektrin\u0117s vizualizacij\u0105 ir pateiksime preliminar\u0173 pasi\u016blym\u0105. Previous Next Susisiekite:&nbsp; El. pa\u0161tu: Ignas@saulteka.lt Telefonu: +37062580153","og_url":"http:\/\/saulteka.lt\/index.php\/gaukite-pasiulyma\/","og_site_name":"SAULTEKA","article_publisher":"https:\/\/www.facebook.com\/profile.php?id=100091643994005","article_modified_time":"2023-09-18T10:10:55+00:00","og_image":[{"url":"http:\/\/saulteka.lt\/wp-content\/uploads\/2023\/09\/Vizualizacija-Simas-Urniezius-1-150x150.png"}],"twitter_card":"summary_large_image","twitter_misc":{"Est. reading time":"3 minutes"},"schema":{"@context":"https:\/\/schema.org","@graph":[{"@type":"WebPage","@id":"http:\/\/saulteka.lt\/index.php\/gaukite-pasiulyma\/","url":"http:\/\/saulteka.lt\/index.php\/gaukite-pasiulyma\/","name":"Gaukite pasi\u016blym\u0105: - SAULTEKA","isPartOf":{"@id":"http:\/\/saulteka.lt\/#website"},"datePublished":"2023-09-18T09:57:48+00:00","dateModified":"2023-09-18T10:10:55+00:00","breadcrumb":{"@id":"http:\/\/saulteka.lt\/index.php\/gaukite-pasiulyma\/#breadcrumb"},"inLanguage":"en-US","potentialAction":[{"@type":"ReadAction","target":["http:\/\/saulteka.lt\/index.php\/gaukite-pasiulyma\/"]}]},{"@type":"BreadcrumbList","@id":"http:\/\/saulteka.lt\/index.php\/gaukite-pasiulyma\/#breadcrumb","itemListElement":[{"@type":"ListItem","position":1,"name":"Home","item":"http:\/\/saulteka.lt\/"},{"@type":"ListItem","position":2,"name":"Gaukite pasi\u016blym\u0105:"}]},{"@type":"WebSite","@id":"http:\/\/saulteka.lt\/#website","url":"http:\/\/saulteka.lt\/","name":"SAULTEKA","description":"","publisher":{"@id":"http:\/\/saulteka.lt\/#organization"},"potentialAction":[{"@type":"SearchAction","target":{"@type":"EntryPoint","urlTemplate":"http:\/\/saulteka.lt\/?s={search_term_string}"},"query-input":"required name=search_term_string"}],"inLanguage":"en-US"},{"@type":"Organization","@id":"http:\/\/saulteka.lt\/#organization","name":"SAULTEKA","alternateName":"SAULTEKA","url":"http:\/\/saulteka.lt\/","logo":{"@type":"ImageObject","inLanguage":"en-US","@id":"http:\/\/saulteka.lt\/#\/schema\/logo\/image\/","url":"https:\/\/saulteka.lt\/wp-content\/uploads\/2023\/05\/cropped-saulteka-logo-orange-white-2.png","contentUrl":"https:\/\/saulteka.lt\/wp-content\/uploads\/2023\/05\/cropped-saulteka-logo-orange-white-2.png","width":1999,"height":513,"caption":"SAULTEKA"},"image":{"@id":"http:\/\/saulteka.lt\/#\/schema\/logo\/image\/"},"sameAs":["https:\/\/www.facebook.com\/profile.php?id=100091643994005"]}]}},"_links":{"self":[{"href":"https:\/\/saulteka.lt\/index.php\/wp-json\/wp\/v2\/pages\/2140"}],"collection":[{"href":"https:\/\/saulteka.lt\/index.php\/wp-json\/wp\/v2\/pages"}],"about":[{"href":"https:\/\/saulteka.lt\/index.php\/wp-json\/wp\/v2\/types\/page"}],"author":[{"embeddable":true,"href":"https:\/\/saulteka.lt\/index.php\/wp-json\/wp\/v2\/users\/1"}],"replies":[{"embeddable":true,"href":"https:\/\/saulteka.lt\/index.php\/wp-json\/wp\/v2\/comments?post=2140"}],"version-history":[{"count":13,"href":"https:\/\/saulteka.lt\/index.php\/wp-json\/wp\/v2\/pages\/2140\/revisions"}],"predecessor-version":[{"id":2159,"href":"https:\/\/saulteka.lt\/index.php\/wp-json\/wp\/v2\/pages\/2140\/revisions\/2159"}],"wp:attachment":[{"href":"https:\/\/saulteka.lt\/index.php\/wp-json\/wp\/v2\/media?parent=2140"}],"curies":[{"name":"wp","href":"https:\/\/api.w.org\/{rel}","templated":true}]}}