{"id":2160,"date":"2023-09-18T10:12:05","date_gmt":"2023-09-18T10:12:05","guid":{"rendered":"http:\/\/saulteka.lt\/?page_id=2160"},"modified":"2023-09-18T11:42:52","modified_gmt":"2023-09-18T11:42:52","slug":"duk-2160","status":"publish","type":"page","link":"https:\/\/saulteka.lt\/index.php\/duk-2160\/","title":{"rendered":"D.U.K"},"content":{"rendered":"\t\t<div data-elementor-type=\"wp-page\" data-elementor-id=\"2160\" class=\"elementor elementor-2160\">\n\t\t\t\t\t\t\t\t\t<section class=\"elementor-section elementor-top-section elementor-element elementor-element-b35c1ef elementor-section-boxed elementor-section-height-default elementor-section-height-default\" data-id=\"b35c1ef\" data-element_type=\"section\">\n\t\t\t\t\t\t<div class=\"elementor-container elementor-column-gap-default\">\n\t\t\t\t\t<div class=\"elementor-column elementor-col-100 elementor-top-column elementor-element elementor-element-2f924e1\" data-id=\"2f924e1\" data-element_type=\"column\">\n\t\t\t<div class=\"elementor-widget-wrap elementor-element-populated\">\n\t\t\t\t\t\t\t\t<div class=\"elementor-element elementor-element-441b5bb elementor-widget elementor-widget-text-editor\" data-id=\"441b5bb\" data-element_type=\"widget\" data-widget_type=\"text-editor.default\">\n\t\t\t\t<div class=\"elementor-widget-container\">\n\t\t\t<style>\/*! elementor - v3.10.2 - 29-01-2023 *\/\n.elementor-widget-text-editor.elementor-drop-cap-view-stacked .elementor-drop-cap{background-color:#818a91;color:#fff}.elementor-widget-text-editor.elementor-drop-cap-view-framed .elementor-drop-cap{color:#818a91;border:3px solid;background-color:transparent}.elementor-widget-text-editor:not(.elementor-drop-cap-view-default) .elementor-drop-cap{margin-top:8px}.elementor-widget-text-editor:not(.elementor-drop-cap-view-default) .elementor-drop-cap-letter{width:1em;height:1em}.elementor-widget-text-editor .elementor-drop-cap{float:left;text-align:center;line-height:1;font-size:50px}.elementor-widget-text-editor .elementor-drop-cap-letter{display:inline-block}<\/style>\t\t\t\t<h2><b>Da\u017eniausiai u\u017eduodami klausimai:<\/b><\/h2>\n<p><b>&nbsp;<\/b><\/p>\n<p><b>Kokie pagrindiniai komponentai sudaro saul\u0117s elektrin\u0119?<\/b><\/p>\n<p>Saul\u0117s elektrin\u0117 susideda i\u0161 \u0161i\u0173 pagrindini\u0173 komponent\u0173: \u012ftampos keitiklio (inverterio), saul\u0117s moduli\u0173, konstrukcijos, bei elektros instaliacijos komponent\u0173 (laidai, \u0161arvai, automatai, apsaugos, \u012f\u017eeminimas ir t.t.)<\/p><p><b>Koks yra saul\u0117s elektrin\u0117s \u012frengimo procesas?<\/b><\/p><p>Saul\u0117s elektrin\u0117s procesas: saul\u0117s elektrin\u0117s prijungimo s\u0105lyg\u0173 gavimas i\u0161 ESO, sutarties pasira\u0161ymas =&gt; rangovo vizitas, projekto paruo\u0161imas, \u012frangos susiderinimas, sutarties pasira\u0161ymas =&gt; saul\u0117s elektrin\u0117s \u012frengimas =&gt; saul\u0117s elektrin\u0117s pridavimas ESO =&gt; saul\u0117s elektrin\u0117s paleidimas =&gt; galutini\u0173 dokument\u0173 pasira\u0161ymas ir paruo\u0161imas APVA paramai gauti =&gt; dokument\u0173 pateikimas APVIS.lt sistemoja (APVA) =&gt; paramos gavimas per 60 d.d.<\/p>\n<p><b>Kokio dyd\u017eio saul\u0117s elektrin\u0117 yra reikalinga objekto energijos suvartojimui &#8220;u\u017edengti&#8221;?<\/b><\/p>\n<p>Saul\u0117s elektrin\u0117s galingumas yra parenkamas pagal inviduali\u0105 sitaucij\u0105. Vertinant vien\u0105 objekt\u0105, skai\u010diuojamas metinis energijos suvartojimas, \u012fvertinant galimos \u012frengti saul\u0117s elektrin\u0117s efektyvum\u0105 \u012fvertinama elektrin\u0117s galia. Pvz: namas suvartoja 10000kWh energijos per metus, tokiu atveju reikalinga 10kW galios elektrin\u0117. Jei stogas yra l\u0117k\u0161tas ir orientuotas \u012f pietus, elektrin\u0117s galia didinama, atsi\u017evelgiant \u012f efektyvumo praradim\u0105. Jei efektyvumo praradimas 15%, norint pagaminti 10000kWh per metus, patartinta montuoti apie 12kW moduli\u0173 galios.<\/p>\n<p><b>Kiek kWh energijos tur\u0117t\u0173 pagaminti 1kW saul\u0117s moduli\u0173 per metus?<\/b><\/p>\n<p>1kW saul\u0117s moduli\u0173 tobulomis s\u0105lygomis tur\u0117t\u0173 pagaminti apie 1000kWh per metus. Elektrin\u0117s orientuotos piet\u0173 kryptimi, esant 30-40 laipsni\u0173 stogo pokrypiui, gali pagaminti apie 1050-1100kWh\/kW per metus. Elektrin\u0117s turin\u010dios neidealias s\u0105lygas &#8211; ma\u017eesn\u012f stogo pokryp\u012f ir\/ar orientacij\u0105 ne piet\u0173 kryptimi apie 900kWh\/kW.<\/p>\n<p><b>Turiu \u012frengt\u0105 10kW elektrin\u0119, ar galiu pl\u0117sti elektrin\u0119 dar 5kW?<\/b><\/p><p>Saul\u0117s elektrin\u0117s keitiklis turi 2 MPPT jungtis (kiekvienas MPPT turi 2 poras MC4 jung\u010di\u0173), \u012f kurias jungiami saul\u0117s moduliai. 2 saul\u0117s moduli\u0173 grandin\u0117s gali b\u016bti jungiamos \u012f 1 MPPT, ta\u010diau gradin\u0117s turi atitikti kelet\u0105 reikalavim\u0173 &#8211; saul\u0117s moduli\u0173 skai\u010dius grandin\u0117se turi sutapti ir abiejose grandin\u0117se turi b\u016bti sujungti tokie patys moduliai. Turint 2 vienodas grandines, jas galima lygiagretinti \u012f 1 MPPT, o nauj\u0105j\u012f 5kW prapl\u0117tim\u0105 galima jungti \u012f 2 MPPT. \u0160iuo atveju svarbu \u012fvertinti saul\u0117s moduli\u0173 ir \u012ftampos keitiklio specifikacijas. Lygiagretinam\u0173 grandini\u0173 it\u0105mp\u0105 ir srov\u0117s stipris negali vir\u0161yti \u012ftampos keitiklio leistin\u0173 \u012ftamp\u0173 ir srovi\u0173 kiekviename MPPT.<\/p>\n<p><\/p>\t\t\t\t\t\t<\/div>\n\t\t\t\t<\/div>\n\t\t\t\t\t<\/div>\n\t\t<\/div>\n\t\t\t\t\t\t\t<\/div>\n\t\t<\/section>\n\t\t\t\t\t\t\t<\/div>\n\t\t","protected":false},"excerpt":{"rendered":"<p>Da\u017eniausiai u\u017eduodami klausimai: &nbsp; Kokie pagrindiniai komponentai sudaro saul\u0117s elektrin\u0119? Saul\u0117s elektrin\u0117 susideda i\u0161 \u0161i\u0173 pagrindini\u0173 komponent\u0173: \u012ftampos keitiklio (inverterio), saul\u0117s moduli\u0173, konstrukcijos, bei elektros instaliacijos komponent\u0173 (laidai, \u0161arvai, automatai, apsaugos, \u012f\u017eeminimas ir t.t.) Koks yra saul\u0117s elektrin\u0117s \u012frengimo procesas? Saul\u0117s elektrin\u0117s procesas: saul\u0117s elektrin\u0117s prijungimo s\u0105lyg\u0173 gavimas i\u0161 ESO, sutarties pasira\u0161ymas =&gt; rangovo vizitas, &hellip;<\/p>\n<p class=\"read-more\"> <a class=\"\" href=\"https:\/\/saulteka.lt\/index.php\/duk-2160\/\"> <span class=\"screen-reader-text\">D.U.K<\/span> Read More &raquo;<\/a><\/p>\n","protected":false},"author":1,"featured_media":0,"parent":0,"menu_order":0,"comment_status":"closed","ping_status":"closed","template":"","meta":{"site-sidebar-layout":"no-sidebar","site-content-layout":"page-builder","ast-global-header-display":"","ast-main-header-display":"","ast-hfb-above-header-display":"","ast-hfb-below-header-display":"","ast-hfb-mobile-header-display":"","site-post-title":"disabled","ast-breadcrumbs-content":"","ast-featured-img":"disabled","footer-sml-layout":"","theme-transparent-header-meta":"","adv-header-id-meta":"","stick-header-meta":"","header-above-stick-meta":"","header-main-stick-meta":"","header-below-stick-meta":""},"yoast_head":"<!-- This site is optimized with the Yoast SEO plugin v20.8 - https:\/\/yoast.com\/wordpress\/plugins\/seo\/ -->\n<title>D.U.K - SAULTEKA<\/title>\n<meta name=\"robots\" content=\"index, follow, max-snippet:-1, max-image-preview:large, max-video-preview:-1\" \/>\n<link rel=\"canonical\" href=\"https:\/\/saulteka.lt\/index.php\/duk-2160\/\" \/>\n<meta property=\"og:locale\" content=\"en_US\" \/>\n<meta property=\"og:type\" content=\"article\" \/>\n<meta property=\"og:title\" content=\"D.U.K - SAULTEKA\" \/>\n<meta property=\"og:description\" content=\"Da\u017eniausiai u\u017eduodami klausimai: &nbsp; Kokie pagrindiniai komponentai sudaro saul\u0117s elektrin\u0119? Saul\u0117s elektrin\u0117 susideda i\u0161 \u0161i\u0173 pagrindini\u0173 komponent\u0173: \u012ftampos keitiklio (inverterio), saul\u0117s moduli\u0173, konstrukcijos, bei elektros instaliacijos komponent\u0173 (laidai, \u0161arvai, automatai, apsaugos, \u012f\u017eeminimas ir t.t.) Koks yra saul\u0117s elektrin\u0117s \u012frengimo procesas? Saul\u0117s elektrin\u0117s procesas: saul\u0117s elektrin\u0117s prijungimo s\u0105lyg\u0173 gavimas i\u0161 ESO, sutarties pasira\u0161ymas =&gt; rangovo vizitas, &hellip; D.U.K Read More &raquo;\" \/>\n<meta property=\"og:url\" content=\"https:\/\/saulteka.lt\/index.php\/duk-2160\/\" \/>\n<meta property=\"og:site_name\" content=\"SAULTEKA\" \/>\n<meta property=\"article:publisher\" content=\"https:\/\/www.facebook.com\/profile.php?id=100091643994005\" \/>\n<meta property=\"article:modified_time\" content=\"2023-09-18T11:42:52+00:00\" \/>\n<meta name=\"twitter:card\" content=\"summary_large_image\" \/>\n<meta name=\"twitter:label1\" content=\"Est. reading time\" \/>\n\t<meta name=\"twitter:data1\" content=\"2 minutes\" \/>\n<script type=\"application\/ld+json\" class=\"yoast-schema-graph\">{\"@context\":\"https:\/\/schema.org\",\"@graph\":[{\"@type\":\"WebPage\",\"@id\":\"https:\/\/saulteka.lt\/index.php\/duk-2160\/\",\"url\":\"https:\/\/saulteka.lt\/index.php\/duk-2160\/\",\"name\":\"D.U.K - SAULTEKA\",\"isPartOf\":{\"@id\":\"https:\/\/saulteka.lt\/#website\"},\"datePublished\":\"2023-09-18T10:12:05+00:00\",\"dateModified\":\"2023-09-18T11:42:52+00:00\",\"breadcrumb\":{\"@id\":\"https:\/\/saulteka.lt\/index.php\/duk-2160\/#breadcrumb\"},\"inLanguage\":\"en-US\",\"potentialAction\":[{\"@type\":\"ReadAction\",\"target\":[\"https:\/\/saulteka.lt\/index.php\/duk-2160\/\"]}]},{\"@type\":\"BreadcrumbList\",\"@id\":\"https:\/\/saulteka.lt\/index.php\/duk-2160\/#breadcrumb\",\"itemListElement\":[{\"@type\":\"ListItem\",\"position\":1,\"name\":\"Home\",\"item\":\"https:\/\/saulteka.lt\/\"},{\"@type\":\"ListItem\",\"position\":2,\"name\":\"D.U.K\"}]},{\"@type\":\"WebSite\",\"@id\":\"https:\/\/saulteka.lt\/#website\",\"url\":\"https:\/\/saulteka.lt\/\",\"name\":\"SAULTEKA\",\"description\":\"\",\"publisher\":{\"@id\":\"https:\/\/saulteka.lt\/#organization\"},\"potentialAction\":[{\"@type\":\"SearchAction\",\"target\":{\"@type\":\"EntryPoint\",\"urlTemplate\":\"https:\/\/saulteka.lt\/?s={search_term_string}\"},\"query-input\":\"required name=search_term_string\"}],\"inLanguage\":\"en-US\"},{\"@type\":\"Organization\",\"@id\":\"https:\/\/saulteka.lt\/#organization\",\"name\":\"SAULTEKA\",\"alternateName\":\"SAULTEKA\",\"url\":\"https:\/\/saulteka.lt\/\",\"logo\":{\"@type\":\"ImageObject\",\"inLanguage\":\"en-US\",\"@id\":\"https:\/\/saulteka.lt\/#\/schema\/logo\/image\/\",\"url\":\"https:\/\/saulteka.lt\/wp-content\/uploads\/2023\/05\/cropped-saulteka-logo-orange-white-2.png\",\"contentUrl\":\"https:\/\/saulteka.lt\/wp-content\/uploads\/2023\/05\/cropped-saulteka-logo-orange-white-2.png\",\"width\":1999,\"height\":513,\"caption\":\"SAULTEKA\"},\"image\":{\"@id\":\"https:\/\/saulteka.lt\/#\/schema\/logo\/image\/\"},\"sameAs\":[\"https:\/\/www.facebook.com\/profile.php?id=100091643994005\"]}]}<\/script>\n<!-- \/ Yoast SEO plugin. -->","yoast_head_json":{"title":"D.U.K - SAULTEKA","robots":{"index":"index","follow":"follow","max-snippet":"max-snippet:-1","max-image-preview":"max-image-preview:large","max-video-preview":"max-video-preview:-1"},"canonical":"https:\/\/saulteka.lt\/index.php\/duk-2160\/","og_locale":"en_US","og_type":"article","og_title":"D.U.K - SAULTEKA","og_description":"Da\u017eniausiai u\u017eduodami klausimai: &nbsp; Kokie pagrindiniai komponentai sudaro saul\u0117s elektrin\u0119? Saul\u0117s elektrin\u0117 susideda i\u0161 \u0161i\u0173 pagrindini\u0173 komponent\u0173: \u012ftampos keitiklio (inverterio), saul\u0117s moduli\u0173, konstrukcijos, bei elektros instaliacijos komponent\u0173 (laidai, \u0161arvai, automatai, apsaugos, \u012f\u017eeminimas ir t.t.) Koks yra saul\u0117s elektrin\u0117s \u012frengimo procesas? Saul\u0117s elektrin\u0117s procesas: saul\u0117s elektrin\u0117s prijungimo s\u0105lyg\u0173 gavimas i\u0161 ESO, sutarties pasira\u0161ymas =&gt; rangovo vizitas, &hellip; D.U.K Read More &raquo;","og_url":"https:\/\/saulteka.lt\/index.php\/duk-2160\/","og_site_name":"SAULTEKA","article_publisher":"https:\/\/www.facebook.com\/profile.php?id=100091643994005","article_modified_time":"2023-09-18T11:42:52+00:00","twitter_card":"summary_large_image","twitter_misc":{"Est. reading time":"2 minutes"},"schema":{"@context":"https:\/\/schema.org","@graph":[{"@type":"WebPage","@id":"https:\/\/saulteka.lt\/index.php\/duk-2160\/","url":"https:\/\/saulteka.lt\/index.php\/duk-2160\/","name":"D.U.K - SAULTEKA","isPartOf":{"@id":"https:\/\/saulteka.lt\/#website"},"datePublished":"2023-09-18T10:12:05+00:00","dateModified":"2023-09-18T11:42:52+00:00","breadcrumb":{"@id":"https:\/\/saulteka.lt\/index.php\/duk-2160\/#breadcrumb"},"inLanguage":"en-US","potentialAction":[{"@type":"ReadAction","target":["https:\/\/saulteka.lt\/index.php\/duk-2160\/"]}]},{"@type":"BreadcrumbList","@id":"https:\/\/saulteka.lt\/index.php\/duk-2160\/#breadcrumb","itemListElement":[{"@type":"ListItem","position":1,"name":"Home","item":"https:\/\/saulteka.lt\/"},{"@type":"ListItem","position":2,"name":"D.U.K"}]},{"@type":"WebSite","@id":"https:\/\/saulteka.lt\/#website","url":"https:\/\/saulteka.lt\/","name":"SAULTEKA","description":"","publisher":{"@id":"https:\/\/saulteka.lt\/#organization"},"potentialAction":[{"@type":"SearchAction","target":{"@type":"EntryPoint","urlTemplate":"https:\/\/saulteka.lt\/?s={search_term_string}"},"query-input":"required name=search_term_string"}],"inLanguage":"en-US"},{"@type":"Organization","@id":"https:\/\/saulteka.lt\/#organization","name":"SAULTEKA","alternateName":"SAULTEKA","url":"https:\/\/saulteka.lt\/","logo":{"@type":"ImageObject","inLanguage":"en-US","@id":"https:\/\/saulteka.lt\/#\/schema\/logo\/image\/","url":"https:\/\/saulteka.lt\/wp-content\/uploads\/2023\/05\/cropped-saulteka-logo-orange-white-2.png","contentUrl":"https:\/\/saulteka.lt\/wp-content\/uploads\/2023\/05\/cropped-saulteka-logo-orange-white-2.png","width":1999,"height":513,"caption":"SAULTEKA"},"image":{"@id":"https:\/\/saulteka.lt\/#\/schema\/logo\/image\/"},"sameAs":["https:\/\/www.facebook.com\/profile.php?id=100091643994005"]}]}},"_links":{"self":[{"href":"https:\/\/saulteka.lt\/index.php\/wp-json\/wp\/v2\/pages\/2160"}],"collection":[{"href":"https:\/\/saulteka.lt\/index.php\/wp-json\/wp\/v2\/pages"}],"about":[{"href":"https:\/\/saulteka.lt\/index.php\/wp-json\/wp\/v2\/types\/page"}],"author":[{"embeddable":true,"href":"https:\/\/saulteka.lt\/index.php\/wp-json\/wp\/v2\/users\/1"}],"replies":[{"embeddable":true,"href":"https:\/\/saulteka.lt\/index.php\/wp-json\/wp\/v2\/comments?post=2160"}],"version-history":[{"count":8,"href":"https:\/\/saulteka.lt\/index.php\/wp-json\/wp\/v2\/pages\/2160\/revisions"}],"predecessor-version":[{"id":2168,"href":"https:\/\/saulteka.lt\/index.php\/wp-json\/wp\/v2\/pages\/2160\/revisions\/2168"}],"wp:attachment":[{"href":"https:\/\/saulteka.lt\/index.php\/wp-json\/wp\/v2\/media?parent=2160"}],"curies":[{"name":"wp","href":"https:\/\/api.w.org\/{rel}","templated":true}]}}